{"id":17451,"date":"2025-07-03T09:20:39","date_gmt":"2025-07-03T09:20:39","guid":{"rendered":"https:\/\/www.hoteladamello.com\/erklaerung-zur-zugaenglichkeit\/"},"modified":"2025-07-03T09:20:39","modified_gmt":"2025-07-03T09:20:39","slug":"erklaerung-zur-zugaenglichkeit","status":"publish","type":"page","link":"https:\/\/www.hoteladamello.com\/de\/erklaerung-zur-zugaenglichkeit\/","title":{"rendered":"Erkl\u00e4rung zur Zug\u00e4nglichkeit"},"content":{"rendered":"\t\t<div data-elementor-type=\"wp-page\" data-elementor-id=\"17451\" class=\"elementor elementor-17451 elementor-17442\" data-elementor-post-type=\"page\">\n\t\t\t\t<div class=\"elementor-element elementor-element-d650594 e-flex e-con-boxed e-con e-parent\" data-id=\"d650594\" data-element_type=\"container\" data-e-type=\"container\">\n\t\t\t\t\t<div class=\"e-con-inner\">\n\t\t<div class=\"elementor-element elementor-element-96455d1 e-con-full e-flex e-con e-child\" data-id=\"96455d1\" data-element_type=\"container\" data-e-type=\"container\" data-settings=\"{&quot;background_background&quot;:&quot;classic&quot;}\">\n\t\t\t\t<div class=\"elementor-element elementor-element-01c36b3 elementor-widget elementor-widget-heading\" data-id=\"01c36b3\" data-element_type=\"widget\" data-e-type=\"widget\" data-widget_type=\"heading.default\">\n\t\t\t\t<div class=\"elementor-widget-container\">\n\t\t\t\t\t<h1 class=\"elementor-heading-title elementor-size-default\">Erkl\u00e4rung zur Zug\u00e4nglichkeit<\/h1>\t\t\t\t<\/div>\n\t\t\t\t<\/div>\n\t\t<div class=\"elementor-element elementor-element-aa16f7d e-con-full e-flex e-con e-child\" data-id=\"aa16f7d\" data-element_type=\"container\" data-e-type=\"container\">\n\t\t<div class=\"elementor-element elementor-element-6898e38 e-con-full e-flex e-con e-child\" data-id=\"6898e38\" data-element_type=\"container\" data-e-type=\"container\">\n\t\t\t\t<div class=\"elementor-element elementor-element-69fa355 elementor-widget elementor-widget-heading\" data-id=\"69fa355\" data-element_type=\"widget\" data-e-type=\"widget\" data-widget_type=\"heading.default\">\n\t\t\t\t<div class=\"elementor-widget-container\">\n\t\t\t\t\t<p class=\"elementor-heading-title elementor-size-default\">Hotel Adamello<\/p>\t\t\t\t<\/div>\n\t\t\t\t<\/div>\n\t\t\t\t<div class=\"elementor-element elementor-element-e9e545f elementor-widget elementor-widget-heading\" data-id=\"e9e545f\" data-element_type=\"widget\" data-e-type=\"widget\" data-widget_type=\"heading.default\">\n\t\t\t\t<div class=\"elementor-widget-container\">\n\t\t\t\t\t<p class=\"elementor-heading-title elementor-size-default\"><a href=\"mailto:info@hoteladamello.com\">info@hoteladamello.com<\/a><\/p>\t\t\t\t<\/div>\n\t\t\t\t<\/div>\n\t\t\t\t<div class=\"elementor-element elementor-element-ea6e9ef elementor-widget elementor-widget-text-editor\" data-id=\"ea6e9ef\" data-element_type=\"widget\" data-e-type=\"widget\" data-widget_type=\"text-editor.default\">\n\t\t\t\t<div class=\"elementor-widget-container\">\n\t\t\t\t\t\t\t\t\tFirmenname: EMADA S.R.L., \r\nEingetragener Sitz: Via Nazionale, 22 &#8211; Localit\u00e0 Passo del Tonale 38029 &#8211; VERMIGLIO (TN) &#8211; Italia<br>\r\nCIN: IT022213A1H2L3R9FX<br>\r\nMwSt. \/ CF: 01757520224, \r\nFirmen-Reg.-Nr.: 01757520224 di Trento, \r\nN. REA: TN \u2013 175073, \r\nAktienkapital genehmigt und unterzeichnet: \u20ac 11.000,00, \r\nEinbezahltes Grundkapital: \u20ac 3.300,00, \r\nPEC: hoteladamello@dadapec.com\t\t\t\t\t\t\t\t<\/div>\n\t\t\t\t<\/div>\n\t\t\t\t<\/div>\n\t\t\t\t<div class=\"elementor-element elementor-element-5e221cb elementor-widget elementor-widget-heading\" data-id=\"5e221cb\" data-element_type=\"widget\" data-e-type=\"widget\" data-widget_type=\"heading.default\">\n\t\t\t\t<div class=\"elementor-widget-container\">\n\t\t\t\t\t<p class=\"elementor-heading-title elementor-size-default\">Die Website wurde am <strong>3 Dezember 2021<\/strong> ver\u00f6ffentlicht<\/p>\t\t\t\t<\/div>\n\t\t\t\t<\/div>\n\t\t\t\t<div class=\"elementor-element elementor-element-4a2435f elementor-widget elementor-widget-heading\" data-id=\"4a2435f\" data-element_type=\"widget\" data-e-type=\"widget\" data-widget_type=\"heading.default\">\n\t\t\t\t<div class=\"elementor-widget-container\">\n\t\t\t\t\t<p class=\"elementor-heading-title elementor-size-default\">Die Website wurde am <strong>18 Juni 2025<\/strong> aktualisiert<\/p>\t\t\t\t<\/div>\n\t\t\t\t<\/div>\n\t\t\t\t<div class=\"elementor-element elementor-element-c2bf1ba elementor-widget elementor-widget-spacer\" data-id=\"c2bf1ba\" data-element_type=\"widget\" data-e-type=\"widget\" data-widget_type=\"spacer.default\">\n\t\t\t\t<div class=\"elementor-widget-container\">\n\t\t\t\t\t\t\t<div class=\"elementor-spacer\">\n\t\t\t<div class=\"elementor-spacer-inner\"><\/div>\n\t\t<\/div>\n\t\t\t\t\t\t<\/div>\n\t\t\t\t<\/div>\n\t\t\t\t<div class=\"elementor-element elementor-element-0e2ad70 elementor-widget elementor-widget-heading\" data-id=\"0e2ad70\" data-element_type=\"widget\" data-e-type=\"widget\" data-widget_type=\"heading.default\">\n\t\t\t\t<div class=\"elementor-widget-container\">\n\t\t\t\t\t<p class=\"elementor-heading-title elementor-size-default\">Konformit\u00e4t<\/p>\t\t\t\t<\/div>\n\t\t\t\t<\/div>\n\t\t\t\t<div class=\"elementor-element elementor-element-0c64cf8 elementor-widget elementor-widget-text-editor\" data-id=\"0c64cf8\" data-element_type=\"widget\" data-e-type=\"widget\" data-widget_type=\"text-editor.default\">\n\t\t\t\t<div class=\"elementor-widget-container\">\n\t\t\t\t\t\t\t\t\t<p>Diese Website ist teilweise konform mit den Anforderungen von Anhang A der Norm UNI CEI EN 301 549 (WCAG 2.1 Stufe AA).<\/p>\n\t\t\t\t\t\t\t\t<\/div>\n\t\t\t\t<\/div>\n\t\t\t\t<div class=\"elementor-element elementor-element-182bf23 elementor-widget elementor-widget-heading\" data-id=\"182bf23\" data-element_type=\"widget\" data-e-type=\"widget\" data-widget_type=\"heading.default\">\n\t\t\t\t<div class=\"elementor-widget-container\">\n\t\t\t\t\t<p class=\"elementor-heading-title elementor-size-default\">Nicht barrierefreie Inhalte<\/p>\t\t\t\t<\/div>\n\t\t\t\t<\/div>\n\t\t\t\t<div class=\"elementor-element elementor-element-1023220 elementor-widget elementor-widget-text-editor\" data-id=\"1023220\" data-element_type=\"widget\" data-e-type=\"widget\" data-widget_type=\"text-editor.default\">\n\t\t\t\t<div class=\"elementor-widget-container\">\n\t\t\t\t\t\t\t\t\t<p>Die folgenden Inhalte sind aus den nachstehenden Gr\u00fcnden nicht barrierefrei:<\/p>\n<ul>\n<li>Bilder ohne oder mit unzureichendem Alternativtext<\/li>\n<li>Einige Elemente erf\u00fcllen nicht die Anforderungen an den Farbkontrast<\/li>\n<li>Fehlende semantische Tags schr\u00e4nken die Navigation mit Screenreadern teilweise ein<\/li>\n<li>Videos: fehlende Untertitel und Transkripte<\/li>\n<li>Sitemap im Footer nicht vorhanden<\/li>\n<li>Fokus ist nicht immer sichtbar<\/li>\n<li>Brotkr\u00fcmelnavigation nicht vorhanden<\/li>\n<li>PDF-Dateien sind nicht vollst\u00e4ndig barrierefrei<\/li>\n<\/ul>\n<p> Trotz der Bem\u00fchungen von <strong>Hotel Adamello<\/strong> kann es weitere nicht konforme Elemente geben, die in dieser Erkl\u00e4rung nicht aufgef\u00fchrt sind.<\/p>\n\t\t\t\t\t\t\t\t<\/div>\n\t\t\t\t<\/div>\n\t\t\t\t<div class=\"elementor-element elementor-element-b887416 elementor-widget elementor-widget-heading\" data-id=\"b887416\" data-element_type=\"widget\" data-e-type=\"widget\" data-widget_type=\"heading.default\">\n\t\t\t\t<div class=\"elementor-widget-container\">\n\t\t\t\t\t<div class=\"elementor-heading-title elementor-size-default\">Erkl\u00e4rung verfasst von<\/div>\t\t\t\t<\/div>\n\t\t\t\t<\/div>\n\t\t\t\t<div class=\"elementor-element elementor-element-eb671a8 elementor-widget elementor-widget-text-editor\" data-id=\"eb671a8\" data-element_type=\"widget\" data-e-type=\"widget\" data-widget_type=\"text-editor.default\">\n\t\t\t\t<div class=\"elementor-widget-container\">\n\t\t\t\t\t\t\t\t\t<p>Network Service Srl, basierend auf einer internen Bewertung vom 18 Juni 2025.<br \/>Die Erkl\u00e4rung wurde auf Grundlage einer Bewertung gem\u00e4\u00df der Richtlinie (EU) 2016\/2102 erstellt, durch eine Selbsteinsch\u00e4tzung von Network Service Srl mit Unterst\u00fctzung automatisierter Tools.<\/p>\n\t\t\t\t\t\t\t\t<\/div>\n\t\t\t\t<\/div>\n\t\t\t\t<div class=\"elementor-element elementor-element-051a62a elementor-widget elementor-widget-heading\" data-id=\"051a62a\" data-element_type=\"widget\" data-e-type=\"widget\" data-widget_type=\"heading.default\">\n\t\t\t\t<div class=\"elementor-widget-container\">\n\t\t\t\t\t<div class=\"elementor-heading-title elementor-size-default\">Meldung von Problemen<\/div>\t\t\t\t<\/div>\n\t\t\t\t<\/div>\n\t\t\t\t<div class=\"elementor-element elementor-element-71edbb3 elementor-widget elementor-widget-text-editor\" data-id=\"71edbb3\" data-element_type=\"widget\" data-e-type=\"widget\" data-widget_type=\"text-editor.default\">\n\t\t\t\t<div class=\"elementor-widget-container\">\n\t\t\t\t\t\t\t\t\t<p>Sie k\u00f6nnen Barrierefreiheitsprobleme melden an:<br \/>E-Mail: <span style=\"text-decoration: underline;\"><a href=\"mailto:accessibilita@network-service.it\">accessibilita@network-service.it<\/a><\/span><br \/>Wir antworten innerhalb von 30 Werktagen.<\/p>\n\t\t\t\t\t\t\t\t<\/div>\n\t\t\t\t<\/div>\n\t\t\t\t<div class=\"elementor-element elementor-element-c3de4d6 elementor-widget elementor-widget-heading\" data-id=\"c3de4d6\" data-element_type=\"widget\" data-e-type=\"widget\" data-widget_type=\"heading.default\">\n\t\t\t\t<div class=\"elementor-widget-container\">\n\t\t\t\t\t<div class=\"elementor-heading-title elementor-size-default\">Meldung an AgID<\/div>\t\t\t\t<\/div>\n\t\t\t\t<\/div>\n\t\t\t\t<div class=\"elementor-element elementor-element-8a73a27 elementor-widget elementor-widget-text-editor\" data-id=\"8a73a27\" data-element_type=\"widget\" data-e-type=\"widget\" data-widget_type=\"text-editor.default\">\n\t\t\t\t<div class=\"elementor-widget-container\">\n\t\t\t\t\t\t\t\t\t<p>Wenn die Antwort nicht zufriedenstellend ist, k\u00f6nnen Sie eine Meldung an AgID senden: protocollo@pec.agid.gov.it.<\/p>\n\t\t\t\t\t\t\t\t<\/div>\n\t\t\t\t<\/div>\n\t\t\t\t<\/div>\n\t\t\t\t<\/div>\n\t\t\t\t\t<\/div>\n\t\t\t\t<\/div>\n\t\t\t\t<\/div>\n\t\t","protected":false},"excerpt":{"rendered":"<p>Erkl\u00e4rung zur Zug\u00e4nglichkeit Die Website wurde am ver\u00f6ffentlicht Die Website wurde am aktualisiert Konformit\u00e4t Diese Website ist teilweise konform mit den Anforderungen von Anhang A der Norm UNI CEI EN 301 549 (WCAG 2.1 Stufe AA). Nicht barrierefreie Inhalte Die folgenden Inhalte sind aus den nachstehenden Gr\u00fcnden nicht barrierefrei: Bilder ohne oder mit unzureichendem Alternativtext [&hellip;]<\/p>\n","protected":false},"author":1,"featured_media":0,"parent":0,"menu_order":0,"comment_status":"closed","ping_status":"closed","template":"elementor_canvas","meta":{"_acf_changed":false,"footnotes":""},"class_list":["post-17451","page","type-page","status-publish","hentry"],"acf":[],"_links":{"self":[{"href":"https:\/\/www.hoteladamello.com\/de\/wp-json\/wp\/v2\/pages\/17451","targetHints":{"allow":["GET"]}}],"collection":[{"href":"https:\/\/www.hoteladamello.com\/de\/wp-json\/wp\/v2\/pages"}],"about":[{"href":"https:\/\/www.hoteladamello.com\/de\/wp-json\/wp\/v2\/types\/page"}],"author":[{"embeddable":true,"href":"https:\/\/www.hoteladamello.com\/de\/wp-json\/wp\/v2\/users\/1"}],"replies":[{"embeddable":true,"href":"https:\/\/www.hoteladamello.com\/de\/wp-json\/wp\/v2\/comments?post=17451"}],"version-history":[{"count":1,"href":"https:\/\/www.hoteladamello.com\/de\/wp-json\/wp\/v2\/pages\/17451\/revisions"}],"predecessor-version":[{"id":17452,"href":"https:\/\/www.hoteladamello.com\/de\/wp-json\/wp\/v2\/pages\/17451\/revisions\/17452"}],"wp:attachment":[{"href":"https:\/\/www.hoteladamello.com\/de\/wp-json\/wp\/v2\/media?parent=17451"}],"curies":[{"name":"wp","href":"https:\/\/api.w.org\/{rel}","templated":true}]}}